{"id":11,"date":"2020-10-23T03:33:16","date_gmt":"2020-10-23T03:33:16","guid":{"rendered":"https:\/\/colegiomariagoretti.edu.mx\/?page_id=11"},"modified":"2020-10-23T03:33:16","modified_gmt":"2020-10-23T03:33:16","slug":"colegios-catolicos","status":"publish","type":"page","link":"https:\/\/colegiomariagoretti.edu.mx\/?page_id=11","title":{"rendered":"COLEGIOS CAT\u00d3LICOS"},"content":{"rendered":"\n<p class=\"has-white-color has-text-color\">Desde su fundaci\u00f3n, los Colegios Guadalupanos Plancartinos tienen una profunda identidad cristiana. Toda escuela tiene como tarea la transmisi\u00f3n cr\u00edtica y sistem\u00e1tica de la cultura en orden al desarrollo integral de la persona; nuestros Colegios asumen plenamente esta tarea y la realizan de la mejor manera posible.<\/p>\n\n\n\n<p class=\"has-white-color has-text-color\">La profunda devoci\u00f3n de Jos\u00e9 Antonio Plancarte a nuestra Se\u00f1ora de Guadalupe se convirti\u00f3 en un sello distintivo de sus obras apost\u00f3licas, por ello nuestros Colegios se caracterizan por el amor y devoci\u00f3n a la Sant\u00edsima Virgen de Guadalupe; Ella ha sido, es y ser\u00e1 el Alma y Reina de nuestras instituciones educativas.<\/p>\n\n\n\n<p class=\"has-white-color has-text-color\">Si bien la educaci\u00f3n es un proceso que dura toda la vida, no cabe duda que la ni\u00f1ez y la juventud son etapas privilegiadas para que la educaci\u00f3n se realice de manera expl\u00edcita y sistem\u00e1tica; es precisamente en estas etapas cuando el coraz\u00f3n de las\/os ni\u00f1as\/os y de las\/os j\u00f3venes ha de ser formado en los grandes principios que regir\u00e1n toda su vida.<\/p>\n","protected":false},"excerpt":{"rendered":"<p>Desde su fundaci\u00f3n, los Colegios Guadalupanos Plancartinos tienen una profunda identidad cristiana. Toda escuela tiene como tarea la transmisi\u00f3n cr\u00edtica y sistem\u00e1tica de la&hellip;<\/p>\n","protected":false},"author":1,"featured_media":0,"parent":0,"menu_order":0,"comment_status":"closed","ping_status":"closed","template":"","meta":[],"_links":{"self":[{"href":"https:\/\/colegiomariagoretti.edu.mx\/index.php?rest_route=\/wp\/v2\/pages\/11"}],"collection":[{"href":"https:\/\/colegiomariagoretti.edu.mx\/index.php?rest_route=\/wp\/v2\/pages"}],"about":[{"href":"https:\/\/colegiomariagoretti.edu.mx\/index.php?rest_route=\/wp\/v2\/types\/page"}],"author":[{"embeddable":true,"href":"https:\/\/colegiomariagoretti.edu.mx\/index.php?rest_route=\/wp\/v2\/users\/1"}],"replies":[{"embeddable":true,"href":"https:\/\/colegiomariagoretti.edu.mx\/index.php?rest_route=%2Fwp%2Fv2%2Fcomments&post=11"}],"version-history":[{"count":1,"href":"https:\/\/colegiomariagoretti.edu.mx\/index.php?rest_route=\/wp\/v2\/pages\/11\/revisions"}],"predecessor-version":[{"id":12,"href":"https:\/\/colegiomariagoretti.edu.mx\/index.php?rest_route=\/wp\/v2\/pages\/11\/revisions\/12"}],"wp:attachment":[{"href":"https:\/\/colegiomariagoretti.edu.mx\/index.php?rest_route=%2Fwp%2Fv2%2Fmedia&parent=11"}],"curies":[{"name":"wp","href":"https:\/\/api.w.org\/{rel}","templated":true}]}}